{"id":36,"date":"2020-01-27T19:37:00","date_gmt":"2020-01-27T19:37:00","guid":{"rendered":"http:\/\/semesterabo.de\/?page_id=36"},"modified":"2025-07-03T08:22:19","modified_gmt":"2025-07-03T08:22:19","slug":"reisen","status":"publish","type":"page","link":"http:\/\/semesterabo.de\/?page_id=36","title":{"rendered":"Reisen"},"content":{"rendered":"\n<p><\/p>\n\n\n\n<p><strong>Ein aktuelles Reiseprogramm 2025\/26 liegt derzeit noch nicht vor!<\/strong><\/p>\n\n\n\n<p>Unsere Festspiel- und Kulturreisen f\u00fchren uns zu den gro\u00dfen Opernh\u00e4usern und Festspielorten Europas, zu herausragenden kulturellen Ereignissen und anderen H\u00f6hepunkten der deutschen und europ\u00e4ischen Kulturlandschaft. Nat\u00fcrlich geh\u00f6rt zu diesen Fahrten, die sich seit Jahren gro\u00dfer Beliebtheit bei unseren Mietern und Clubmitgliedern erfreuen, ein umfangreiches&nbsp;&nbsp; Rahmenprogramm, das unsere erfahrenen ehrenamtlichen Reiseleiter mit viel Liebe zum Detail ausgearbeitet haben.<\/p>\n\n\n\n<p><\/p>\n\n\n\n<p><\/p>\n\n\n\n<p>Erleben und genie\u00dfen Sie mit uns entspanntes Reisen durch<\/p>\n\n\n\n<p>&nbsp;&#8211;&nbsp;&nbsp;&nbsp;&nbsp;&nbsp;&nbsp; gut ausgearbeitete und ausgewogene Reiseprogramme zu bekannten <\/p>\n\n\n\n<p class=\"has-text-align-justify\">         und weniger bekannten Festspielorten<\/p>\n\n\n\n<p>&#8211;&nbsp;&nbsp;&nbsp;&nbsp;&nbsp;&nbsp;&nbsp; interessante Opern- und <\/p>\n\n\n\n<p class=\"has-text-align-left\">         Konzertauff\u00fchrungen<\/p>\n\n\n\n<p>&#8211;&nbsp;&nbsp;&nbsp;&nbsp;&nbsp;&nbsp;&nbsp; ein niveauvolles Rahmenprogramm mit qualifizierten \u00f6rtlichen Guides<\/p>\n\n\n\n<p>&#8211;\u00a0\u00a0\u00a0\u00a0\u00a0\u00a0\u00a0 gleichgesinnte Reiseteilnehmer\/ Reiseteilnehmerinnen<\/p>\n\n\n\n<p>&#8211;&nbsp;&nbsp;&nbsp;&nbsp;&nbsp;&nbsp;&nbsp; eine freundliche Reiseleitung<\/p>\n\n\n\n<p>Sie wohnen in komfortablen, ausgesuchten Hotels und reisen in modernen Komfortbussen. Regelm\u00e4\u00dfige Pausen und der Bordservice sorgen f\u00fcr eine angenehme und entspannte Reise.<\/p>\n\n\n\n<p>Der Theaterring ist immer bem\u00fcht, seinen Reiseteilnehmern ein m\u00f6glichst g\u00fcnstiges Angebot zu machen. Bitte bedenken Sie aber, dass ein anspruchsvolles,&nbsp; kulturell wertvolles Programm seinen Preis hat, besonders dann, wenn man sehr bekannte Theater oder Museen aufsuchen will.<\/p>\n\n\n\n<p><br><\/p>\n\n\n\n<p><\/p>\n\n\n\n<p><br><\/p>\n\n\n\n<p><\/p>\n\n\n\n<p><br><br><\/p>\n","protected":false},"excerpt":{"rendered":"<p>Ein aktuelles Reiseprogramm 2025\/26 liegt derzeit noch nicht vor! Unsere Festspiel- und Kulturreisen f\u00fchren uns zu den gro\u00dfen Opernh\u00e4usern und Festspielorten Europas, zu herausragenden kulturellen Ereignissen und anderen H\u00f6hepunkten der deutschen und europ\u00e4ischen Kulturlandschaft. Nat\u00fcrlich geh\u00f6rt zu diesen Fahrten, die sich seit Jahren gro\u00dfer Beliebtheit bei unseren Mietern und Clubmitgliedern erfreuen, ein umfangreiches&nbsp;&nbsp; Rahmenprogramm, das unsere erfahrenen ehrenamtlichen Reiseleiter mit viel Liebe zum Detail ausgearbeitet haben. Erleben und genie\u00dfen Sie mit uns entspanntes Reisen durch &nbsp;&#8211;&nbsp;&nbsp;&nbsp;&nbsp;&nbsp;&nbsp; gut ausgearbeitete und ausgewogene Reiseprogramme zu bekannten und weniger bekannten Festspielorten &#8211;&nbsp;&nbsp;&nbsp;&nbsp;&nbsp;&nbsp;&nbsp; interessante Opern- und Konzertauff\u00fchrungen &#8211;&nbsp;&nbsp;&nbsp;&nbsp;&nbsp;&nbsp;&nbsp; ein niveauvolles Rahmenprogramm mit qualifizierten \u00f6rtlichen Guides &#8211;\u00a0\u00a0\u00a0\u00a0\u00a0\u00a0\u00a0 gleichgesinnte Reiseteilnehmer\/ Reiseteilnehmerinnen &#8211;&nbsp;&nbsp;&nbsp;&nbsp;&nbsp;&nbsp;&nbsp; eine freundliche Reiseleitung Sie wohnen in komfortablen, ausgesuchten Hotels und reisen in modernen Komfortbussen. Regelm\u00e4\u00dfige Pausen und der Bordservice sorgen f\u00fcr eine angenehme und entspannte Reise. Der Theaterring ist immer bem\u00fcht, seinen Reiseteilnehmern ein m\u00f6glichst g\u00fcnstiges Angebot zu machen. Bitte bedenken Sie aber, dass ein anspruchsvolles,&nbsp; kulturell wertvolles Programm seinen Preis hat, besonders dann, wenn man sehr bekannte Theater oder Museen aufsuchen will.<\/p>\n","protected":false},"author":1,"featured_media":0,"parent":0,"menu_order":0,"comment_status":"closed","ping_status":"closed","template":"","meta":{"footnotes":""},"class_list":["post-36","page","type-page","status-publish","hentry"],"jetpack_sharing_enabled":true,"_links":{"self":[{"href":"http:\/\/semesterabo.de\/index.php?rest_route=\/wp\/v2\/pages\/36","targetHints":{"allow":["GET"]}}],"collection":[{"href":"http:\/\/semesterabo.de\/index.php?rest_route=\/wp\/v2\/pages"}],"about":[{"href":"http:\/\/semesterabo.de\/index.php?rest_route=\/wp\/v2\/types\/page"}],"author":[{"embeddable":true,"href":"http:\/\/semesterabo.de\/index.php?rest_route=\/wp\/v2\/users\/1"}],"replies":[{"embeddable":true,"href":"http:\/\/semesterabo.de\/index.php?rest_route=%2Fwp%2Fv2%2Fcomments&post=36"}],"version-history":[{"count":53,"href":"http:\/\/semesterabo.de\/index.php?rest_route=\/wp\/v2\/pages\/36\/revisions"}],"predecessor-version":[{"id":522,"href":"http:\/\/semesterabo.de\/index.php?rest_route=\/wp\/v2\/pages\/36\/revisions\/522"}],"wp:attachment":[{"href":"http:\/\/semesterabo.de\/index.php?rest_route=%2Fwp%2Fv2%2Fmedia&parent=36"}],"curies":[{"name":"wp","href":"https:\/\/api.w.org\/{rel}","templated":true}]}}