{"id":39,"date":"2019-08-27T19:48:13","date_gmt":"2019-08-27T19:48:13","guid":{"rendered":"http:\/\/semesterabo.de\/?page_id=39"},"modified":"2025-07-03T08:16:13","modified_gmt":"2025-07-03T08:16:13","slug":"kinderstueck","status":"publish","type":"page","link":"http:\/\/semesterabo.de\/?page_id=39","title":{"rendered":"Kinderst\u00fcck"},"content":{"rendered":"\n<h1 class=\"wp-block-heading\">Die Abenteuer des Tom Sawyer<\/h1>\n\n\n\n<p>Familienst\u00fcck nach dem Roman von Mark Twain \/ ab 5 Jahren<\/p>\n\n\n\n<h2 class=\"wp-block-heading\">\u00dcber das St\u00fcck<\/h2>\n\n\n\n<p>Tom Sawyer w\u00e4chst bei seiner Tante Polly am Missisippi auf. Sein Name ist nicht nur der Inbegriff jeder Lausbuben-Geschichte, sondern auch ein St\u00fcck amerikanischer Literatur\u2026 In Mark Twains ber\u00fchmten Roman fasziniert Jung und Alt, dass Tom ein Antiheld ist, der sich spielerisch, gelegentlich sogar skrupellos den Aufgaben des Lebens stellt wie kein anderer. Das gilt zum Beispiel f\u00fcr den ber\u00fchmten Gartenzaun, den er eigentlich selber streichen soll. Mit List und Dreistigkeit gelingt es ihm, die ungeliebte Aufgabe so aufzuwerten, dass seine Freunde Schlange stehen, um sie Tom abzunehmen \u2013 und ihn schlie\u00dflich sogar daf\u00fcr bezahlen. Mit dem oft ungewaschenen Au\u00dfenseiter und besten Freund Huckleberry Finn erkundet Tom seine Welt, die sich mit S\u00fcmpfen, Krokodilen und dem majest\u00e4tischen Strom des Mississippi wie ein riesiger Abenteuerspielplatz anf\u00fchlt. Gef\u00e4hrlich zwar, aber unendlich verlockend. Mit \u201eDie Abenteuer des Tom Sawyer\u201c bringt das Schauspiel Darmstadt einen der gr\u00f6\u00dften Klassiker der Kinderbuch-Literatur erstmals auf die B\u00fchne des neu er\u00f6ffneten Kleinen Hauses. Regisseur Fynn Malte Schmidt wird kleine und gro\u00dfe abenteuersuchende Menschen in eine andere Welt entf\u00fchren, in der bildgewaltige Illusionen, aber auch echte Erfahrungen und gro\u00dfe Entscheidungen warten. Ein Riesenspa\u00df f\u00fcr die ganze Familie.<\/p>\n\n\n\n<p><\/p>\n\n\n\n<p>Spielort: Staatstheater Darmstadt<\/p>\n\n\n\n<pre class=\"wp-block-code\"><code><strong><span class=\"has-inline-color has-vivid-red-color\">Bei Verhinderung am Vorstellungstag bitte unter der folgenden Telefonnummer Bescheid geben: \n0176-24346448<\/span><\/strong><\/code><\/pre>\n\n\n\n<h2 class=\"wp-block-heading\"><\/h2>\n\n\n\n<p> (c) Staatstheater Darmstadt<\/p>\n","protected":false},"excerpt":{"rendered":"<p>Die Abenteuer des Tom Sawyer Familienst\u00fcck nach dem Roman von Mark Twain \/ ab 5 Jahren \u00dcber das St\u00fcck Tom Sawyer w\u00e4chst bei seiner Tante Polly am Missisippi auf. Sein Name ist nicht nur der Inbegriff jeder Lausbuben-Geschichte, sondern auch ein St\u00fcck amerikanischer Literatur\u2026 In Mark Twains ber\u00fchmten Roman fasziniert Jung und Alt, dass Tom ein Antiheld ist, der sich spielerisch, gelegentlich sogar skrupellos den Aufgaben des Lebens stellt wie kein anderer. Das gilt zum Beispiel f\u00fcr den ber\u00fchmten Gartenzaun, den er eigentlich selber streichen soll. Mit List und Dreistigkeit gelingt es ihm, die ungeliebte Aufgabe so aufzuwerten, dass seine Freunde Schlange stehen, um sie Tom abzunehmen \u2013 und ihn schlie\u00dflich sogar daf\u00fcr bezahlen. Mit dem oft ungewaschenen Au\u00dfenseiter und besten Freund Huckleberry Finn erkundet Tom seine Welt, die sich mit S\u00fcmpfen, Krokodilen und dem majest\u00e4tischen Strom des Mississippi wie ein riesiger Abenteuerspielplatz anf\u00fchlt. Gef\u00e4hrlich zwar, aber unendlich verlockend. Mit \u201eDie Abenteuer des Tom Sawyer\u201c bringt das Schauspiel Darmstadt einen der gr\u00f6\u00dften Klassiker der Kinderbuch-Literatur erstmals auf die B\u00fchne des neu er\u00f6ffneten Kleinen Hauses. Regisseur &hellip;<\/p>\n","protected":false},"author":1,"featured_media":237,"parent":0,"menu_order":0,"comment_status":"closed","ping_status":"closed","template":"","meta":{"footnotes":""},"class_list":["post-39","page","type-page","status-publish","has-post-thumbnail","hentry"],"jetpack_sharing_enabled":true,"_links":{"self":[{"href":"http:\/\/semesterabo.de\/index.php?rest_route=\/wp\/v2\/pages\/39","targetHints":{"allow":["GET"]}}],"collection":[{"href":"http:\/\/semesterabo.de\/index.php?rest_route=\/wp\/v2\/pages"}],"about":[{"href":"http:\/\/semesterabo.de\/index.php?rest_route=\/wp\/v2\/types\/page"}],"author":[{"embeddable":true,"href":"http:\/\/semesterabo.de\/index.php?rest_route=\/wp\/v2\/users\/1"}],"replies":[{"embeddable":true,"href":"http:\/\/semesterabo.de\/index.php?rest_route=%2Fwp%2Fv2%2Fcomments&post=39"}],"version-history":[{"count":23,"href":"http:\/\/semesterabo.de\/index.php?rest_route=\/wp\/v2\/pages\/39\/revisions"}],"predecessor-version":[{"id":518,"href":"http:\/\/semesterabo.de\/index.php?rest_route=\/wp\/v2\/pages\/39\/revisions\/518"}],"wp:featuredmedia":[{"embeddable":true,"href":"http:\/\/semesterabo.de\/index.php?rest_route=\/wp\/v2\/media\/237"}],"wp:attachment":[{"href":"http:\/\/semesterabo.de\/index.php?rest_route=%2Fwp%2Fv2%2Fmedia&parent=39"}],"curies":[{"name":"wp","href":"https:\/\/api.w.org\/{rel}","templated":true}]}}