{"id":44,"date":"2019-08-27T19:52:31","date_gmt":"2019-08-27T19:52:31","guid":{"rendered":"http:\/\/semesterabo.de\/?page_id=44"},"modified":"2025-07-03T08:10:24","modified_gmt":"2025-07-03T08:10:24","slug":"volksbuehne","status":"publish","type":"page","link":"http:\/\/semesterabo.de\/?page_id=44","title":{"rendered":"Abonnements Volksb\u00fchne"},"content":{"rendered":"\n<p><strong>Die Volksb\u00fchnen-Mieten<\/strong><\/p>\n\n\n\n<p>Ein Abonnnnement kann, soweit verf\u00fcgbar, jederzeit erworben werden und l\u00e4uft auf unbestimmte Zeit. Es ist sp\u00e4testens 2 Wochen nach Zusendung des Spielplans schriftlich zu k\u00fcndigen; bis zu diesem Zeitpunkt nicht gek\u00fcndigte Abonnements verl\u00e4ngern sich automatisch um eine weitere Spielzeit.<\/p>\n\n\n\n<p>Die Mietkarten sind \u00fcbertragbar. Solange die Karten nicht versendet werden, besteht die M\u00f6glichkeit den Vorstellungstermin zu tauschen. Zudem besteht ein Tauschrecht bei Verhinderung entsprechend den Bedingungen des Staatstheaters. <\/p>\n\n\n\n<p>Die Volksb\u00fchne praktiziert einen Platzwechsel im Rollsystem. Wir bem\u00fchen uns sehr darum, eine gleichm\u00e4\u00dfige und gerechte Verteilung der Platzkarten zu realisieren.<\/p>\n\n\n\n<p>Im Volksb\u00fchne-Abonnement sind zwei Gutscheine f\u00fcr Eintrittskarten zum halben Preis enthalten. Die Gutscheine werden zusammen mit den Terminen der Vorstellung f\u00fcr das gesamte Jahr zu Beginn der Spielzeit zugeschickt<\/p>\n\n\n\n<p>Die Eintrittskarten werden gegen Erstattung eines einmaligen Verwaltungsbeitrags von 4,50 Euro pro Abonnement zugesandt.<\/p>\n\n\n\n<p>Auff\u00fchrungs- und Termin\u00e4nderungen aus betriebsbedingten Gr\u00fcnden beh\u00e4lt sich das Staatstheater vor. Bei Vorstellungs\u00e4nderungen gegen\u00fcber dem ver\u00f6ffentlichten Spielplan besteht kein Anspruch auf Ersatz.<\/p>\n\n\n\n<p><\/p>\n\n\n\n<p><\/p>\n\n\n\n<p><\/p>\n\n\n\n<p><strong>Volksb\u00fchne-Mieten \u00dcbersicht<\/strong>:<\/p>\n\n\n\n<p><strong>Miete G (sonntags)<\/strong><br>Vorstellungstermine Sonntag, 18:00 Uhr <\/p>\n\n\n\n<p><strong>Miete M (donnerstags\/freitags)<\/strong><br>Vorstellungstermine Donnerstag\/Freitag, 19:30 Uhr<\/p>\n\n\n\n<p><strong>Miete F (donnerstags\/freitags)<\/strong><br>Vorstellungstermine Donnerstag\/Freitag, 19:30 Uhr<\/p>\n\n\n\n<figure class=\"wp-block-image size-large\"><img loading=\"lazy\" decoding=\"async\" width=\"1024\" height=\"678\" src=\"http:\/\/semesterabo.de\/wp-content\/uploads\/2025\/07\/Volksbuehne-25-26-1024x678.png\" alt=\"\" class=\"wp-image-513\" srcset=\"http:\/\/semesterabo.de\/wp-content\/uploads\/2025\/07\/Volksbuehne-25-26-1024x678.png 1024w, http:\/\/semesterabo.de\/wp-content\/uploads\/2025\/07\/Volksbuehne-25-26-300x199.png 300w, http:\/\/semesterabo.de\/wp-content\/uploads\/2025\/07\/Volksbuehne-25-26-768x509.png 768w, http:\/\/semesterabo.de\/wp-content\/uploads\/2025\/07\/Volksbuehne-25-26.png 1238w\" sizes=\"auto, (max-width: 1024px) 100vw, 1024px\" \/><\/figure>\n\n\n\n<p><\/p>\n","protected":false},"excerpt":{"rendered":"<p>Die Volksb\u00fchnen-Mieten Ein Abonnnnement kann, soweit verf\u00fcgbar, jederzeit erworben werden und l\u00e4uft auf unbestimmte Zeit. Es ist sp\u00e4testens 2 Wochen nach Zusendung des Spielplans schriftlich zu k\u00fcndigen; bis zu diesem Zeitpunkt nicht gek\u00fcndigte Abonnements verl\u00e4ngern sich automatisch um eine weitere Spielzeit. Die Mietkarten sind \u00fcbertragbar. Solange die Karten nicht versendet werden, besteht die M\u00f6glichkeit den Vorstellungstermin zu tauschen. Zudem besteht ein Tauschrecht bei Verhinderung entsprechend den Bedingungen des Staatstheaters. Die Volksb\u00fchne praktiziert einen Platzwechsel im Rollsystem. Wir bem\u00fchen uns sehr darum, eine gleichm\u00e4\u00dfige und gerechte Verteilung der Platzkarten zu realisieren. Im Volksb\u00fchne-Abonnement sind zwei Gutscheine f\u00fcr Eintrittskarten zum halben Preis enthalten. Die Gutscheine werden zusammen mit den Terminen der Vorstellung f\u00fcr das gesamte Jahr zu Beginn der Spielzeit zugeschickt Die Eintrittskarten werden gegen Erstattung eines einmaligen Verwaltungsbeitrags von 4,50 Euro pro Abonnement zugesandt. Auff\u00fchrungs- und Termin\u00e4nderungen aus betriebsbedingten Gr\u00fcnden beh\u00e4lt sich das Staatstheater vor. Bei Vorstellungs\u00e4nderungen gegen\u00fcber dem ver\u00f6ffentlichten Spielplan besteht kein Anspruch auf Ersatz. Volksb\u00fchne-Mieten \u00dcbersicht: Miete G (sonntags)Vorstellungstermine Sonntag, 18:00 Uhr Miete M (donnerstags\/freitags)Vorstellungstermine Donnerstag\/Freitag, 19:30 Uhr Miete F (donnerstags\/freitags)Vorstellungstermine Donnerstag\/Freitag, 19:30 Uhr<\/p>\n","protected":false},"author":1,"featured_media":0,"parent":0,"menu_order":0,"comment_status":"closed","ping_status":"closed","template":"","meta":{"footnotes":""},"class_list":["post-44","page","type-page","status-publish","hentry"],"jetpack_sharing_enabled":true,"_links":{"self":[{"href":"http:\/\/semesterabo.de\/index.php?rest_route=\/wp\/v2\/pages\/44","targetHints":{"allow":["GET"]}}],"collection":[{"href":"http:\/\/semesterabo.de\/index.php?rest_route=\/wp\/v2\/pages"}],"about":[{"href":"http:\/\/semesterabo.de\/index.php?rest_route=\/wp\/v2\/types\/page"}],"author":[{"embeddable":true,"href":"http:\/\/semesterabo.de\/index.php?rest_route=\/wp\/v2\/users\/1"}],"replies":[{"embeddable":true,"href":"http:\/\/semesterabo.de\/index.php?rest_route=%2Fwp%2Fv2%2Fcomments&post=44"}],"version-history":[{"count":15,"href":"http:\/\/semesterabo.de\/index.php?rest_route=\/wp\/v2\/pages\/44\/revisions"}],"predecessor-version":[{"id":514,"href":"http:\/\/semesterabo.de\/index.php?rest_route=\/wp\/v2\/pages\/44\/revisions\/514"}],"wp:attachment":[{"href":"http:\/\/semesterabo.de\/index.php?rest_route=%2Fwp%2Fv2%2Fmedia&parent=44"}],"curies":[{"name":"wp","href":"https:\/\/api.w.org\/{rel}","templated":true}]}}