{"id":47,"date":"2019-08-27T19:54:38","date_gmt":"2019-08-27T19:54:38","guid":{"rendered":"http:\/\/semesterabo.de\/?page_id=47"},"modified":"2025-07-03T08:05:47","modified_gmt":"2025-07-03T08:05:47","slug":"abonnements","status":"publish","type":"page","link":"http:\/\/semesterabo.de\/?page_id=47","title":{"rendered":"Abonnements Ring-Mieten"},"content":{"rendered":"\n<p>Es wird dieses Spielzeit ein Festplatz-Abo in den Ring-Mieten und ein Roll-Abo bei der Volksb\u00fchne geben.<\/p>\n\n\n\n<p> Acht mal im Jahr treffen Sie Bekannte und Freunde, um mit ihnen gemeinsam ins Staatstheater Darmstadt zu fahren. Daneben genie\u00dfen Sie nat\u00fcrlich den Komfort, bequem mit dem Bus aus Ihrem Wohnort ins Staatstheater gefahren zu werden, so sparen Sie Nerven, Benzin- und Parkkosten. Gerade \u00e4lteren Theaterfreunden machen wir den Theaterbesuch erst m\u00f6glich. <\/p>\n\n\n\n<figure class=\"wp-block-image size-large\"><img loading=\"lazy\" decoding=\"async\" width=\"862\" height=\"579\" src=\"http:\/\/semesterabo.de\/wp-content\/uploads\/2021\/08\/Theaterbild.png\" alt=\"\" class=\"wp-image-228\" srcset=\"http:\/\/semesterabo.de\/wp-content\/uploads\/2021\/08\/Theaterbild.png 862w, http:\/\/semesterabo.de\/wp-content\/uploads\/2021\/08\/Theaterbild-300x202.png 300w, http:\/\/semesterabo.de\/wp-content\/uploads\/2021\/08\/Theaterbild-768x516.png 768w\" sizes=\"auto, (max-width: 862px) 100vw, 862px\" \/><\/figure>\n\n\n\n<p><a href=\"http:\/\/semesterabo.de\/?page_id=53\">Unsere Gesch\u00e4ftsstelle<\/a> ber\u00e4t Sie gerne, ob auch aus Ihrem Wohnort ein Theater-Bus ins Staatstheater Darmstadt f\u00e4hrt. <\/p>\n\n\n\n<p>Wenn an Ihrem Wohnort keine Besuchergruppe existiert, Sie in Darmstadt wohnen oder lieber mit dem eigenen Pkw ins Staatstheater fahren m\u00f6chten, m\u00fcssen Sie selbstverst\u00e4ndlich auf die Vorteile eines Theaterring-Abonnements nicht verzichten. Ihre Karten erhalten Sie dann direkt von unserer Gesch\u00e4ftsstelle. So kommt jeder in den Genu\u00df eines g\u00fcnstigen Abonnements an einemgew\u00e4hlten festen Wochentag mit festem Sitzplatz. <\/p>\n\n\n\n<p><strong>Ihre Vorteile:<\/strong><\/p>\n\n\n\n<p>&#8211; 8-10 Vorstellungen im Staatstheater Darmstadt (Gro\u00dfes Haus und Kleines Haus)<\/p>\n\n\n\n<p>&#8211; an einem festen Wochentag <\/p>\n\n\n\n<p class=\"has-text-align-left\">&#8211; zum g\u00fcnstigen Abo-Preis, Programmheft inklusive &#8211; Tauschrecht bei Verhinderung   entsprechend den Bedingungen des Staatstheaters Darmstadt &#8211; Busfahrt vom Wohnort ins Staatstheater (sofern Busgruppe vorhanden \/ fakultativ)<\/p>\n\n\n\n<p class=\"has-text-align-left\">&#8211; ehrenamtlicher Mitarbeiter als Ansprechpartner vor Ort<\/p>\n\n\n\n<p class=\"has-text-align-left\">&#8211; Verg\u00fcnstigungen bei weiteren Auff\u00fchrungen des Staatstheaters Darmstadt<\/p>\n\n\n\n<p class=\"has-text-align-left\"> &#8211; Verg\u00fcnstigungen bei unseren Kulturreisen<\/p>\n\n\n\n<p class=\"has-text-align-left\"> &#8211; Ein Abonnement, das nicht bis zum 30. April zum Ende der Spielzeit gek\u00fcndigt wird, verl\u00e4ngert sich automatisch um eine weitere Spielzeit. So bleibt Ihnen Ihr vertrauter Sitzplatz erhalten. <\/p>\n\n\n\n<p>Hier unsere Miet\u00fcbersichten:<\/p>\n\n\n\n<p>Miete X &#8211; Donnerstag, 19:30 Uhr<\/p>\n\n\n\n<p>Miete R &#8211; Freitag, 19:30 Uhr<\/p>\n\n\n\n<p>Miete Y &#8211; Samstag, 19:30 Uhr<\/p>\n\n\n\n<p>Miete Z &#8211; Sonntag, 18:00 Uhr<\/p>\n\n\n\n<p>Miete S &#8211; Sonntag, 16:00 Uhr<\/p>\n\n\n\n<figure class=\"wp-block-image size-large\"><img loading=\"lazy\" decoding=\"async\" width=\"1024\" height=\"682\" src=\"http:\/\/semesterabo.de\/wp-content\/uploads\/2025\/07\/Theaterring-25-26-1024x682.png\" alt=\"\" class=\"wp-image-510\" srcset=\"http:\/\/semesterabo.de\/wp-content\/uploads\/2025\/07\/Theaterring-25-26-1024x682.png 1024w, http:\/\/semesterabo.de\/wp-content\/uploads\/2025\/07\/Theaterring-25-26-300x200.png 300w, http:\/\/semesterabo.de\/wp-content\/uploads\/2025\/07\/Theaterring-25-26-768x512.png 768w, http:\/\/semesterabo.de\/wp-content\/uploads\/2025\/07\/Theaterring-25-26-840x560.png 840w, http:\/\/semesterabo.de\/wp-content\/uploads\/2025\/07\/Theaterring-25-26-1200x800.png 1200w, http:\/\/semesterabo.de\/wp-content\/uploads\/2025\/07\/Theaterring-25-26.png 1204w\" sizes=\"auto, (max-width: 1024px) 100vw, 1024px\" \/><\/figure>\n","protected":false},"excerpt":{"rendered":"<p>Es wird dieses Spielzeit ein Festplatz-Abo in den Ring-Mieten und ein Roll-Abo bei der Volksb\u00fchne geben. Acht mal im Jahr treffen Sie Bekannte und Freunde, um mit ihnen gemeinsam ins Staatstheater Darmstadt zu fahren. Daneben genie\u00dfen Sie nat\u00fcrlich den Komfort, bequem mit dem Bus aus Ihrem Wohnort ins Staatstheater gefahren zu werden, so sparen Sie Nerven, Benzin- und Parkkosten. Gerade \u00e4lteren Theaterfreunden machen wir den Theaterbesuch erst m\u00f6glich. Unsere Gesch\u00e4ftsstelle ber\u00e4t Sie gerne, ob auch aus Ihrem Wohnort ein Theater-Bus ins Staatstheater Darmstadt f\u00e4hrt. Wenn an Ihrem Wohnort keine Besuchergruppe existiert, Sie in Darmstadt wohnen oder lieber mit dem eigenen Pkw ins Staatstheater fahren m\u00f6chten, m\u00fcssen Sie selbstverst\u00e4ndlich auf die Vorteile eines Theaterring-Abonnements nicht verzichten. Ihre Karten erhalten Sie dann direkt von unserer Gesch\u00e4ftsstelle. So kommt jeder in den Genu\u00df eines g\u00fcnstigen Abonnements an einemgew\u00e4hlten festen Wochentag mit festem Sitzplatz. Ihre Vorteile: &#8211; 8-10 Vorstellungen im Staatstheater Darmstadt (Gro\u00dfes Haus und Kleines Haus) &#8211; an einem festen Wochentag &#8211; zum g\u00fcnstigen Abo-Preis, Programmheft inklusive &#8211; Tauschrecht bei Verhinderung entsprechend den Bedingungen des Staatstheaters Darmstadt &#8211; &hellip;<\/p>\n","protected":false},"author":1,"featured_media":97,"parent":0,"menu_order":0,"comment_status":"closed","ping_status":"closed","template":"","meta":{"footnotes":""},"class_list":["post-47","page","type-page","status-publish","has-post-thumbnail","hentry"],"jetpack_sharing_enabled":true,"_links":{"self":[{"href":"http:\/\/semesterabo.de\/index.php?rest_route=\/wp\/v2\/pages\/47","targetHints":{"allow":["GET"]}}],"collection":[{"href":"http:\/\/semesterabo.de\/index.php?rest_route=\/wp\/v2\/pages"}],"about":[{"href":"http:\/\/semesterabo.de\/index.php?rest_route=\/wp\/v2\/types\/page"}],"author":[{"embeddable":true,"href":"http:\/\/semesterabo.de\/index.php?rest_route=\/wp\/v2\/users\/1"}],"replies":[{"embeddable":true,"href":"http:\/\/semesterabo.de\/index.php?rest_route=%2Fwp%2Fv2%2Fcomments&post=47"}],"version-history":[{"count":13,"href":"http:\/\/semesterabo.de\/index.php?rest_route=\/wp\/v2\/pages\/47\/revisions"}],"predecessor-version":[{"id":511,"href":"http:\/\/semesterabo.de\/index.php?rest_route=\/wp\/v2\/pages\/47\/revisions\/511"}],"wp:featuredmedia":[{"embeddable":true,"href":"http:\/\/semesterabo.de\/index.php?rest_route=\/wp\/v2\/media\/97"}],"wp:attachment":[{"href":"http:\/\/semesterabo.de\/index.php?rest_route=%2Fwp%2Fv2%2Fmedia&parent=47"}],"curies":[{"name":"wp","href":"https:\/\/api.w.org\/{rel}","templated":true}]}}